{"id":979,"date":"2023-05-03T09:32:17","date_gmt":"2023-05-03T09:32:17","guid":{"rendered":"https:\/\/prestamos.premm.es\/?page_id=979"},"modified":"2023-07-19T10:44:47","modified_gmt":"2023-07-19T10:44:47","slug":"els-nostres-clients","status":"publish","type":"page","link":"https:\/\/prestamosivf.premm.es\/va\/els-nostres-clients","title":{"rendered":"Els nostres clients"},"content":{"rendered":"\t\t<div data-elementor-type=\"wp-page\" data-elementor-id=\"979\" class=\"elementor elementor-979\">\n\t\t\t\t\t\t\t\t\t<section class=\"elementor-section elementor-top-section elementor-element elementor-element-e853cf elementor-section-height-min-height elementor-section-stretched cabecera-top elementor-section-boxed elementor-section-height-default elementor-section-items-middle\" data-id=\"e853cf\" data-element_type=\"section\" data-settings=\"{&quot;stretch_section&quot;:&quot;section-stretched&quot;,&quot;background_background&quot;:&quot;classic&quot;}\">\n\t\t\t\t\t\t\t<div class=\"elementor-background-overlay\"><\/div>\n\t\t\t\t\t\t\t<div class=\"elementor-container elementor-column-gap-default\">\n\t\t\t\t\t<div class=\"elementor-column elementor-col-100 elementor-top-column elementor-element elementor-element-406700ac\" data-id=\"406700ac\" data-element_type=\"column\">\n\t\t\t<div class=\"elementor-widget-wrap elementor-element-populated\">\n\t\t\t\t\t\t\t\t<div class=\"elementor-element elementor-element-7748eaa hola elementor-widget elementor-widget-heading\" data-id=\"7748eaa\" data-element_type=\"widget\" data-widget_type=\"heading.default\">\n\t\t\t\t<div class=\"elementor-widget-container\">\n\t\t\t<style>\/*! elementor - v3.14.0 - 26-06-2023 *\/\n.elementor-heading-title{padding:0;margin:0;line-height:1}.elementor-widget-heading .elementor-heading-title[class*=elementor-size-]>a{color:inherit;font-size:inherit;line-height:inherit}.elementor-widget-heading .elementor-heading-title.elementor-size-small{font-size:15px}.elementor-widget-heading .elementor-heading-title.elementor-size-medium{font-size:19px}.elementor-widget-heading .elementor-heading-title.elementor-size-large{font-size:29px}.elementor-widget-heading .elementor-heading-title.elementor-size-xl{font-size:39px}.elementor-widget-heading .elementor-heading-title.elementor-size-xxl{font-size:59px}<\/style><h1 class=\"elementor-heading-title elementor-size-default\">IVF. Els nostres clients opinen<\/h1>\t\t<\/div>\n\t\t\t\t<\/div>\n\t\t\t\t\t<\/div>\n\t\t<\/div>\n\t\t\t\t\t\t\t<\/div>\n\t\t<\/section>\n\t\t\t\t<section class=\"elementor-section elementor-top-section elementor-element elementor-element-8aca812 elementor-section-boxed elementor-section-height-default elementor-section-height-default\" data-id=\"8aca812\" data-element_type=\"section\">\n\t\t\t\t\t\t<div class=\"elementor-container elementor-column-gap-default\">\n\t\t\t\t\t<div class=\"elementor-column elementor-col-33 elementor-top-column elementor-element elementor-element-b769753\" data-id=\"b769753\" data-element_type=\"column\">\n\t\t\t<div class=\"elementor-widget-wrap elementor-element-populated\">\n\t\t\t\t\t\t\t\t<div class=\"elementor-element elementor-element-a42c55e elementor-widget elementor-widget-video\" data-id=\"a42c55e\" data-element_type=\"widget\" data-settings=\"{&quot;youtube_url&quot;:&quot;https:\\\/\\\/www.youtube.com\\\/watch?v=Wn1dQQt_s9I&quot;,&quot;show_image_overlay&quot;:&quot;yes&quot;,&quot;image_overlay&quot;:{&quot;url&quot;:&quot;&quot;,&quot;id&quot;:&quot;&quot;,&quot;size&quot;:&quot;&quot;},&quot;video_type&quot;:&quot;youtube&quot;,&quot;controls&quot;:&quot;yes&quot;}\" data-widget_type=\"video.default\">\n\t\t\t\t<div class=\"elementor-widget-container\">\n\t\t\t<style>\/*! elementor - v3.14.0 - 26-06-2023 *\/\n.elementor-widget-video .elementor-widget-container{overflow:hidden;transform:translateZ(0)}.elementor-widget-video .elementor-wrapper{aspect-ratio:var(--video-aspect-ratio)}.elementor-widget-video .elementor-wrapper iframe,.elementor-widget-video .elementor-wrapper video{height:100%;width:100%;display:flex;border:none;background-color:#000}@supports not (aspect-ratio:1\/1){.elementor-widget-video .elementor-wrapper{position:relative;overflow:hidden;height:0;padding-bottom:calc(100% \/ var(--video-aspect-ratio))}.elementor-widget-video .elementor-wrapper iframe,.elementor-widget-video .elementor-wrapper video{position:absolute;top:0;right:0;bottom:0;left:0}}.elementor-widget-video .elementor-open-inline .elementor-custom-embed-image-overlay{position:absolute;top:0;left:0;width:100%;height:100%;background-size:cover;background-position:50%}.elementor-widget-video .elementor-custom-embed-image-overlay{cursor:pointer;text-align:center}.elementor-widget-video .elementor-custom-embed-image-overlay:hover .elementor-custom-embed-play i{opacity:1}.elementor-widget-video .elementor-custom-embed-image-overlay img{display:block;width:100%}.elementor-widget-video .e-hosted-video .elementor-video{-o-object-fit:cover;object-fit:cover}.e-con-inner>.elementor-widget-video,.e-con>.elementor-widget-video{width:var(--container-widget-width);--flex-grow:var(--container-widget-flex-grow)}<\/style>\t\t<div class=\"elementor-wrapper elementor-open-inline\">\n\t\t\t<div class=\"elementor-video\"><\/div>\t\t<\/div>\n\t\t\t\t<\/div>\n\t\t\t\t<\/div>\n\t\t\t\t\t<\/div>\n\t\t<\/div>\n\t\t\t\t<div class=\"elementor-column elementor-col-33 elementor-top-column elementor-element elementor-element-8c5e23e\" data-id=\"8c5e23e\" data-element_type=\"column\">\n\t\t\t<div class=\"elementor-widget-wrap elementor-element-populated\">\n\t\t\t\t\t\t\t\t<div class=\"elementor-element elementor-element-1c19665 elementor-widget elementor-widget-video\" data-id=\"1c19665\" data-element_type=\"widget\" data-settings=\"{&quot;youtube_url&quot;:&quot;https:\\\/\\\/www.youtube.com\\\/watch?v=r4Ptg5JK6mw&quot;,&quot;show_image_overlay&quot;:&quot;yes&quot;,&quot;image_overlay&quot;:{&quot;url&quot;:&quot;&quot;,&quot;id&quot;:&quot;&quot;,&quot;size&quot;:&quot;&quot;},&quot;video_type&quot;:&quot;youtube&quot;,&quot;controls&quot;:&quot;yes&quot;}\" data-widget_type=\"video.default\">\n\t\t\t\t<div class=\"elementor-widget-container\">\n\t\t\t\t\t<div class=\"elementor-wrapper elementor-open-inline\">\n\t\t\t<div class=\"elementor-video\"><\/div>\t\t<\/div>\n\t\t\t\t<\/div>\n\t\t\t\t<\/div>\n\t\t\t\t\t<\/div>\n\t\t<\/div>\n\t\t\t\t<div class=\"elementor-column elementor-col-33 elementor-top-column elementor-element elementor-element-25dec0d\" data-id=\"25dec0d\" data-element_type=\"column\">\n\t\t\t<div class=\"elementor-widget-wrap elementor-element-populated\">\n\t\t\t\t\t\t\t\t<div class=\"elementor-element elementor-element-94f061c elementor-widget elementor-widget-video\" data-id=\"94f061c\" data-element_type=\"widget\" data-settings=\"{&quot;youtube_url&quot;:&quot;https:\\\/\\\/www.youtube.com\\\/watch?v=4476qKvKErQ&quot;,&quot;show_image_overlay&quot;:&quot;yes&quot;,&quot;image_overlay&quot;:{&quot;url&quot;:&quot;&quot;,&quot;id&quot;:&quot;&quot;,&quot;size&quot;:&quot;&quot;},&quot;video_type&quot;:&quot;youtube&quot;,&quot;controls&quot;:&quot;yes&quot;}\" data-widget_type=\"video.default\">\n\t\t\t\t<div class=\"elementor-widget-container\">\n\t\t\t\t\t<div class=\"elementor-wrapper elementor-open-inline\">\n\t\t\t<div class=\"elementor-video\"><\/div>\t\t<\/div>\n\t\t\t\t<\/div>\n\t\t\t\t<\/div>\n\t\t\t\t\t<\/div>\n\t\t<\/div>\n\t\t\t\t\t\t\t<\/div>\n\t\t<\/section>\n\t\t\t\t<section class=\"elementor-section elementor-top-section elementor-element elementor-element-d02e556 elementor-section-boxed elementor-section-height-default elementor-section-height-default\" data-id=\"d02e556\" data-element_type=\"section\">\n\t\t\t\t\t\t<div class=\"elementor-container elementor-column-gap-default\">\n\t\t\t\t\t<div class=\"elementor-column elementor-col-33 elementor-top-column elementor-element elementor-element-6627d4a\" data-id=\"6627d4a\" data-element_type=\"column\">\n\t\t\t<div class=\"elementor-widget-wrap elementor-element-populated\">\n\t\t\t\t\t\t\t\t<div class=\"elementor-element elementor-element-a385942 elementor-widget elementor-widget-video\" data-id=\"a385942\" data-element_type=\"widget\" data-settings=\"{&quot;youtube_url&quot;:&quot;https:\\\/\\\/www.youtube.com\\\/watch?v=Zo2kS2cmJqc&quot;,&quot;show_image_overlay&quot;:&quot;yes&quot;,&quot;image_overlay&quot;:{&quot;url&quot;:&quot;&quot;,&quot;id&quot;:&quot;&quot;,&quot;size&quot;:&quot;&quot;},&quot;video_type&quot;:&quot;youtube&quot;,&quot;controls&quot;:&quot;yes&quot;}\" data-widget_type=\"video.default\">\n\t\t\t\t<div class=\"elementor-widget-container\">\n\t\t\t\t\t<div class=\"elementor-wrapper elementor-open-inline\">\n\t\t\t<div class=\"elementor-video\"><\/div>\t\t<\/div>\n\t\t\t\t<\/div>\n\t\t\t\t<\/div>\n\t\t\t\t\t<\/div>\n\t\t<\/div>\n\t\t\t\t<div class=\"elementor-column elementor-col-33 elementor-top-column elementor-element elementor-element-5b4b593\" data-id=\"5b4b593\" data-element_type=\"column\">\n\t\t\t<div class=\"elementor-widget-wrap elementor-element-populated\">\n\t\t\t\t\t\t\t\t<div class=\"elementor-element elementor-element-eff2362 elementor-widget elementor-widget-video\" data-id=\"eff2362\" data-element_type=\"widget\" data-settings=\"{&quot;youtube_url&quot;:&quot;https:\\\/\\\/www.youtube.com\\\/watch?v=37zFYPAX9C8&quot;,&quot;show_image_overlay&quot;:&quot;yes&quot;,&quot;image_overlay&quot;:{&quot;url&quot;:&quot;&quot;,&quot;id&quot;:&quot;&quot;,&quot;size&quot;:&quot;&quot;},&quot;video_type&quot;:&quot;youtube&quot;,&quot;controls&quot;:&quot;yes&quot;}\" data-widget_type=\"video.default\">\n\t\t\t\t<div class=\"elementor-widget-container\">\n\t\t\t\t\t<div class=\"elementor-wrapper elementor-open-inline\">\n\t\t\t<div class=\"elementor-video\"><\/div>\t\t<\/div>\n\t\t\t\t<\/div>\n\t\t\t\t<\/div>\n\t\t\t\t\t<\/div>\n\t\t<\/div>\n\t\t\t\t<div class=\"elementor-column elementor-col-33 elementor-top-column elementor-element elementor-element-f0da528\" data-id=\"f0da528\" data-element_type=\"column\">\n\t\t\t<div class=\"elementor-widget-wrap elementor-element-populated\">\n\t\t\t\t\t\t\t\t<div class=\"elementor-element elementor-element-3df9024 elementor-widget elementor-widget-video\" data-id=\"3df9024\" data-element_type=\"widget\" data-settings=\"{&quot;youtube_url&quot;:&quot;https:\\\/\\\/www.youtube.com\\\/watch?v=IWXzGOh-3dE&quot;,&quot;show_image_overlay&quot;:&quot;yes&quot;,&quot;image_overlay&quot;:{&quot;url&quot;:&quot;&quot;,&quot;id&quot;:&quot;&quot;,&quot;size&quot;:&quot;&quot;},&quot;video_type&quot;:&quot;youtube&quot;,&quot;controls&quot;:&quot;yes&quot;}\" data-widget_type=\"video.default\">\n\t\t\t\t<div class=\"elementor-widget-container\">\n\t\t\t\t\t<div class=\"elementor-wrapper elementor-open-inline\">\n\t\t\t<div class=\"elementor-video\"><\/div>\t\t<\/div>\n\t\t\t\t<\/div>\n\t\t\t\t<\/div>\n\t\t\t\t\t<\/div>\n\t\t<\/div>\n\t\t\t\t\t\t\t<\/div>\n\t\t<\/section>\n\t\t\t\t\t\t\t<\/div>\n\t\t","protected":false},"excerpt":{"rendered":"<p>IVF. Els nostres clients opinen https:\/\/www.youtube.com\/watch?v=Wn1dQQt_s9Ihttps:\/\/www.youtube.com\/watch?v=r4Ptg5JK6mwhttps:\/\/www.youtube.com\/watch?v=4476qKvKErQhttps:\/\/www.youtube.com\/watch?v=Zo2kS2cmJqchttps:\/\/www.youtube.com\/watch?v=37zFYPAX9C8https:\/\/www.youtube.com\/watch?v=IWXzGOh-3dE<\/p>\n","protected":false},"author":1,"featured_media":0,"parent":0,"menu_order":0,"comment_status":"closed","ping_status":"closed","template":"","meta":{"footnotes":""},"yoast_head":"<!-- This site is optimized with the Yoast SEO plugin v18.0 - https:\/\/yoast.com\/wordpress\/plugins\/seo\/ -->\n<title>Els nostres clients - IVF<\/title>\n<meta name=\"robots\" content=\"noindex, follow, max-snippet:-1, max-image-preview:large, max-video-preview:-1\" \/>\n<meta property=\"og:locale\" content=\"en_US\" \/>\n<meta property=\"og:type\" content=\"article\" \/>\n<meta property=\"og:title\" content=\"Els nostres clients - IVF\" \/>\n<meta property=\"og:description\" content=\"IVF. Els nostres clients opinen https:\/\/www.youtube.com\/watch?v=Wn1dQQt_s9Ihttps:\/\/www.youtube.com\/watch?v=r4Ptg5JK6mwhttps:\/\/www.youtube.com\/watch?v=4476qKvKErQhttps:\/\/www.youtube.com\/watch?v=Zo2kS2cmJqchttps:\/\/www.youtube.com\/watch?v=37zFYPAX9C8https:\/\/www.youtube.com\/watch?v=IWXzGOh-3dE\" \/>\n<meta property=\"og:url\" content=\"https:\/\/prestamosivf.premm.es\/va\/els-nostres-clients\" \/>\n<meta property=\"og:site_name\" content=\"IVF\" \/>\n<meta property=\"article:modified_time\" content=\"2023-07-19T10:44:47+00:00\" \/>\n<meta name=\"twitter:card\" content=\"summary_large_image\" \/>\n<meta name=\"twitter:label1\" content=\"Est. reading time\" \/>\n\t<meta name=\"twitter:data1\" content=\"1 minute\" \/>\n<script type=\"application\/ld+json\" class=\"yoast-schema-graph\">{\"@context\":\"https:\/\/schema.org\",\"@graph\":[{\"@type\":\"WebSite\",\"@id\":\"https:\/\/prestamosivf.premm.es\/va#website\",\"url\":\"https:\/\/prestamosivf.premm.es\/va\",\"name\":\"IVF\",\"description\":\"IVF, Nuestro \u00fanico inter\u00e9s eres t\u00fa\",\"potentialAction\":[{\"@type\":\"SearchAction\",\"target\":{\"@type\":\"EntryPoint\",\"urlTemplate\":\"https:\/\/prestamosivf.premm.es\/va?s={search_term_string}\"},\"query-input\":\"required name=search_term_string\"}],\"inLanguage\":\"va-ES\"},{\"@type\":\"WebPage\",\"@id\":\"https:\/\/prestamosivf.premm.es\/va\/els-nostres-clients#webpage\",\"url\":\"https:\/\/prestamosivf.premm.es\/va\/els-nostres-clients\",\"name\":\"Els nostres clients - IVF\",\"isPartOf\":{\"@id\":\"https:\/\/prestamosivf.premm.es\/va#website\"},\"datePublished\":\"2023-05-03T09:32:17+00:00\",\"dateModified\":\"2023-07-19T10:44:47+00:00\",\"breadcrumb\":{\"@id\":\"https:\/\/prestamosivf.premm.es\/va\/els-nostres-clients#breadcrumb\"},\"inLanguage\":\"va-ES\",\"potentialAction\":[{\"@type\":\"ReadAction\",\"target\":[\"https:\/\/prestamosivf.premm.es\/va\/els-nostres-clients\"]}]},{\"@type\":\"BreadcrumbList\",\"@id\":\"https:\/\/prestamosivf.premm.es\/va\/els-nostres-clients#breadcrumb\",\"itemListElement\":[{\"@type\":\"ListItem\",\"position\":1,\"name\":\"Portada\",\"item\":\"https:\/\/prestamosivf.premm.es\/va\"},{\"@type\":\"ListItem\",\"position\":2,\"name\":\"Els nostres clients\"}]}]}<\/script>\n<!-- \/ Yoast SEO plugin. -->","yoast_head_json":{"title":"Els nostres clients - IVF","robots":{"index":"noindex","follow":"follow","max-snippet":"max-snippet:-1","max-image-preview":"max-image-preview:large","max-video-preview":"max-video-preview:-1"},"og_locale":"en_US","og_type":"article","og_title":"Els nostres clients - IVF","og_description":"IVF. Els nostres clients opinen https:\/\/www.youtube.com\/watch?v=Wn1dQQt_s9Ihttps:\/\/www.youtube.com\/watch?v=r4Ptg5JK6mwhttps:\/\/www.youtube.com\/watch?v=4476qKvKErQhttps:\/\/www.youtube.com\/watch?v=Zo2kS2cmJqchttps:\/\/www.youtube.com\/watch?v=37zFYPAX9C8https:\/\/www.youtube.com\/watch?v=IWXzGOh-3dE","og_url":"https:\/\/prestamosivf.premm.es\/va\/els-nostres-clients","og_site_name":"IVF","article_modified_time":"2023-07-19T10:44:47+00:00","twitter_card":"summary_large_image","twitter_misc":{"Est. reading time":"1 minute"},"schema":{"@context":"https:\/\/schema.org","@graph":[{"@type":"WebSite","@id":"https:\/\/prestamosivf.premm.es\/va#website","url":"https:\/\/prestamosivf.premm.es\/va","name":"IVF","description":"IVF, Nuestro \u00fanico inter\u00e9s eres t\u00fa","potentialAction":[{"@type":"SearchAction","target":{"@type":"EntryPoint","urlTemplate":"https:\/\/prestamosivf.premm.es\/va?s={search_term_string}"},"query-input":"required name=search_term_string"}],"inLanguage":"va-ES"},{"@type":"WebPage","@id":"https:\/\/prestamosivf.premm.es\/va\/els-nostres-clients#webpage","url":"https:\/\/prestamosivf.premm.es\/va\/els-nostres-clients","name":"Els nostres clients - IVF","isPartOf":{"@id":"https:\/\/prestamosivf.premm.es\/va#website"},"datePublished":"2023-05-03T09:32:17+00:00","dateModified":"2023-07-19T10:44:47+00:00","breadcrumb":{"@id":"https:\/\/prestamosivf.premm.es\/va\/els-nostres-clients#breadcrumb"},"inLanguage":"va-ES","potentialAction":[{"@type":"ReadAction","target":["https:\/\/prestamosivf.premm.es\/va\/els-nostres-clients"]}]},{"@type":"BreadcrumbList","@id":"https:\/\/prestamosivf.premm.es\/va\/els-nostres-clients#breadcrumb","itemListElement":[{"@type":"ListItem","position":1,"name":"Portada","item":"https:\/\/prestamosivf.premm.es\/va"},{"@type":"ListItem","position":2,"name":"Els nostres clients"}]}]}},"_links":{"self":[{"href":"https:\/\/prestamosivf.premm.es\/va\/wp-json\/wp\/v2\/pages\/979"}],"collection":[{"href":"https:\/\/prestamosivf.premm.es\/va\/wp-json\/wp\/v2\/pages"}],"about":[{"href":"https:\/\/prestamosivf.premm.es\/va\/wp-json\/wp\/v2\/types\/page"}],"author":[{"embeddable":true,"href":"https:\/\/prestamosivf.premm.es\/va\/wp-json\/wp\/v2\/users\/1"}],"replies":[{"embeddable":true,"href":"https:\/\/prestamosivf.premm.es\/va\/wp-json\/wp\/v2\/comments?post=979"}],"version-history":[{"count":14,"href":"https:\/\/prestamosivf.premm.es\/va\/wp-json\/wp\/v2\/pages\/979\/revisions"}],"predecessor-version":[{"id":2559,"href":"https:\/\/prestamosivf.premm.es\/va\/wp-json\/wp\/v2\/pages\/979\/revisions\/2559"}],"wp:attachment":[{"href":"https:\/\/prestamosivf.premm.es\/va\/wp-json\/wp\/v2\/media?parent=979"}],"curies":[{"name":"wp","href":"https:\/\/api.w.org\/{rel}","templated":true}]}}