{"id":838,"date":"2023-03-22T10:47:13","date_gmt":"2023-03-22T10:47:13","guid":{"rendered":"https:\/\/prestamos.premm.es\/?page_id=838"},"modified":"2023-07-19T10:02:55","modified_gmt":"2023-07-19T10:02:55","slug":"avals","status":"publish","type":"page","link":"https:\/\/prestamosivf.premm.es\/va\/avals","title":{"rendered":"Avals"},"content":{"rendered":"\t\t<div data-elementor-type=\"wp-page\" data-elementor-id=\"838\" class=\"elementor elementor-838\">\n\t\t\t\t\t\t\t\t\t<section class=\"elementor-section elementor-top-section elementor-element elementor-element-c46611a elementor-section-height-min-height elementor-section-stretched cabecera-top elementor-section-boxed elementor-section-height-default elementor-section-items-middle\" data-id=\"c46611a\" data-element_type=\"section\" data-settings=\"{&quot;stretch_section&quot;:&quot;section-stretched&quot;,&quot;background_background&quot;:&quot;classic&quot;}\">\n\t\t\t\t\t\t\t<div class=\"elementor-background-overlay\"><\/div>\n\t\t\t\t\t\t\t<div class=\"elementor-container elementor-column-gap-default\">\n\t\t\t\t\t<div class=\"elementor-column elementor-col-100 elementor-top-column elementor-element elementor-element-7bd5758f\" data-id=\"7bd5758f\" data-element_type=\"column\">\n\t\t\t<div class=\"elementor-widget-wrap elementor-element-populated\">\n\t\t\t\t\t\t\t\t<div class=\"elementor-element elementor-element-36a53625 hola elementor-widget elementor-widget-heading\" data-id=\"36a53625\" data-element_type=\"widget\" data-widget_type=\"heading.default\">\n\t\t\t\t<div class=\"elementor-widget-container\">\n\t\t\t<style>\/*! elementor - v3.14.0 - 26-06-2023 *\/\n.elementor-heading-title{padding:0;margin:0;line-height:1}.elementor-widget-heading .elementor-heading-title[class*=elementor-size-]>a{color:inherit;font-size:inherit;line-height:inherit}.elementor-widget-heading .elementor-heading-title.elementor-size-small{font-size:15px}.elementor-widget-heading .elementor-heading-title.elementor-size-medium{font-size:19px}.elementor-widget-heading .elementor-heading-title.elementor-size-large{font-size:29px}.elementor-widget-heading .elementor-heading-title.elementor-size-xl{font-size:39px}.elementor-widget-heading .elementor-heading-title.elementor-size-xxl{font-size:59px}<\/style><h1 class=\"elementor-heading-title elementor-size-default\">Avals<\/h1>\t\t<\/div>\n\t\t\t\t<\/div>\n\t\t\t\t<div class=\"elementor-element elementor-element-19b6934 elementor-widget elementor-widget-heading\" data-id=\"19b6934\" data-element_type=\"widget\" data-widget_type=\"heading.default\">\n\t\t\t\t<div class=\"elementor-widget-container\">\n\t\t\t<h2 class=\"elementor-heading-title elementor-size-default\">T\u2019ajudem a trobar finan\u00e7ament per al teu projecte. Una soluci\u00f3 que haur\u00e0s de tindre en compte, no frenes els teus projectes.<\/h2>\t\t<\/div>\n\t\t\t\t<\/div>\n\t\t\t\t\t<\/div>\n\t\t<\/div>\n\t\t\t\t\t\t\t<\/div>\n\t\t<\/section>\n\t\t\t\t<section class=\"elementor-section elementor-top-section elementor-element elementor-element-3daa83a elementor-section-boxed elementor-section-height-default elementor-section-height-default\" data-id=\"3daa83a\" data-element_type=\"section\">\n\t\t\t\t\t\t<div class=\"elementor-container elementor-column-gap-default\">\n\t\t\t\t\t<div class=\"elementor-column elementor-col-66 elementor-top-column elementor-element elementor-element-53abddb\" data-id=\"53abddb\" data-element_type=\"column\">\n\t\t\t<div class=\"elementor-widget-wrap elementor-element-populated\">\n\t\t\t\t\t\t\t\t<div class=\"elementor-element elementor-element-12be8b6 elementor-widget elementor-widget-heading\" data-id=\"12be8b6\" data-element_type=\"widget\" data-widget_type=\"heading.default\">\n\t\t\t\t<div class=\"elementor-widget-container\">\n\t\t\t<h2 class=\"elementor-heading-title elementor-size-default\">AFIN-SGR: La SGR de la Comunitat Valenciana<\/h2>\t\t<\/div>\n\t\t\t\t<\/div>\n\t\t\t\t<div class=\"elementor-element elementor-element-4fedfda elementor-widget elementor-widget-text-editor\" data-id=\"4fedfda\" data-element_type=\"widget\" data-widget_type=\"text-editor.default\">\n\t\t\t\t<div class=\"elementor-widget-container\">\n\t\t\t<style>\/*! elementor - v3.14.0 - 26-06-2023 *\/\n.elementor-widget-text-editor.elementor-drop-cap-view-stacked .elementor-drop-cap{background-color:#69727d;color:#fff}.elementor-widget-text-editor.elementor-drop-cap-view-framed .elementor-drop-cap{color:#69727d;border:3px solid;background-color:transparent}.elementor-widget-text-editor:not(.elementor-drop-cap-view-default) .elementor-drop-cap{margin-top:8px}.elementor-widget-text-editor:not(.elementor-drop-cap-view-default) .elementor-drop-cap-letter{width:1em;height:1em}.elementor-widget-text-editor .elementor-drop-cap{float:left;text-align:center;line-height:1;font-size:50px}.elementor-widget-text-editor .elementor-drop-cap-letter{display:inline-block}<\/style>\t\t\t\t<div class=\"grve-element grve-text\">\n\nFundada en 1981 per a facilitar l\u2019acc\u00e9s al cr\u00e8dit a les petites empreses i aut\u00f2noms i millorar les seues condicions de finan\u00e7ament, AFIN-SGR est\u00e0 constitu\u00efda per pimes i aut\u00f2noms de la Comunitat Valenciana. \u00c9s una entitat sense \u00e0nim de lucre i est\u00e0 subjecta a la supervisi\u00f3 i inspecci\u00f3 del Banc d\u2019Espanya. AFIN-SGR compta amb dos tipus de socis: Protectors i Part\u00edcips.\n<\/div>\n<br\/>\n<div class=\"grve-element grve-text\">\nS\u00f3n Socis Protectors les institucions que participen en el capital de la SGR, ajudant al compliment del seu objectiu social. Entre ells destaca l\u2019Institut Valenci\u00e0 de Finances, que ocupa actualment la presid\u00e8ncia de la societat, i les entitats de cr\u00e8dit amb les quals mant\u00e9 acords de col\u00b7laboraci\u00f3. S\u00f3n Socis Part\u00edcips les pimes i aut\u00f2noms, al favor dels quals pot la SGR prestar garantia i assessorament.\n\n<\/div>\n<div class=\"grve-element grve-text\">\n\n<strong>Com et pot ajudar?<\/strong>\n<ul>\n \t<li>Aportant garanties i avals per a accedir a l\u00ednies de finan\u00e7ament.<\/li>\n \t<li>Negociant millors condicions de finan\u00e7ament amb les entitats de cr\u00e8dit.<\/li>\n \t<li>Oferint informaci\u00f3 i assessorament en les teues necessitats de finan\u00e7ament.<\/li>\n<\/ul>\n<\/div>\t\t\t\t\t\t<\/div>\n\t\t\t\t<\/div>\n\t\t\t\t\t<\/div>\n\t\t<\/div>\n\t\t\t\t<div class=\"elementor-column elementor-col-33 elementor-top-column elementor-element elementor-element-f11804e\" data-id=\"f11804e\" data-element_type=\"column\">\n\t\t\t<div class=\"elementor-widget-wrap elementor-element-populated\">\n\t\t\t\t\t\t\t\t<div class=\"elementor-element elementor-element-77e65cc elementor-widget elementor-widget-image\" data-id=\"77e65cc\" data-element_type=\"widget\" data-widget_type=\"image.default\">\n\t\t\t\t<div class=\"elementor-widget-container\">\n\t\t\t<style>\/*! elementor - v3.14.0 - 26-06-2023 *\/\n.elementor-widget-image{text-align:center}.elementor-widget-image a{display:inline-block}.elementor-widget-image a img[src$=\".svg\"]{width:48px}.elementor-widget-image img{vertical-align:middle;display:inline-block}<\/style>\t\t\t\t\t\t\t\t\t\t\t\t<img loading=\"lazy\" decoding=\"async\" width=\"400\" height=\"212\" src=\"https:\/\/prestamosivf.premm.es\/wp-content\/uploads\/2023\/07\/sgr_logo.png\" class=\"attachment-large size-large wp-image-1949\" alt=\"\" srcset=\"https:\/\/prestamosivf.premm.es\/wp-content\/uploads\/2023\/07\/sgr_logo.png 400w, https:\/\/prestamosivf.premm.es\/wp-content\/uploads\/2023\/07\/sgr_logo-300x159.png 300w\" sizes=\"(max-width: 400px) 100vw, 400px\" \/>\t\t\t\t\t\t\t\t\t\t\t\t\t\t\t<\/div>\n\t\t\t\t<\/div>\n\t\t\t\t<div class=\"elementor-element elementor-element-394aead elementor-widget elementor-widget-heading\" data-id=\"394aead\" data-element_type=\"widget\" data-widget_type=\"heading.default\">\n\t\t\t\t<div class=\"elementor-widget-container\">\n\t\t\t<h3 class=\"elementor-heading-title elementor-size-default\">Qu\u00e8 \u00e9s la SGR?\n\n<\/h3>\t\t<\/div>\n\t\t\t\t<\/div>\n\t\t\t\t<div class=\"elementor-element elementor-element-041e26a elementor-align-center elementor-widget elementor-widget-button\" data-id=\"041e26a\" data-element_type=\"widget\" data-widget_type=\"button.default\">\n\t\t\t\t<div class=\"elementor-widget-container\">\n\t\t\t\t\t<div class=\"elementor-button-wrapper\">\n\t\t\t<a class=\"elementor-button elementor-button-link elementor-size-md\" href=\"https:\/\/afinsgr.es\/\" target=\"_blank\">\n\t\t\t\t\t\t<span class=\"elementor-button-content-wrapper\">\n\t\t\t\t\t\t<span class=\"elementor-button-text\">V\u00e9s a SGR<\/span>\n\t\t<\/span>\n\t\t\t\t\t<\/a>\n\t\t<\/div>\n\t\t\t\t<\/div>\n\t\t\t\t<\/div>\n\t\t\t\t\t<\/div>\n\t\t<\/div>\n\t\t\t\t\t\t\t<\/div>\n\t\t<\/section>\n\t\t\t\t\t\t\t<\/div>\n\t\t","protected":false},"excerpt":{"rendered":"<p>Avals T\u2019ajudem a trobar finan\u00e7ament per al teu projecte. Una soluci\u00f3 que haur\u00e0s de tindre en compte, no frenes els teus projectes. AFIN-SGR: La SGR&hellip;<\/p>\n","protected":false},"author":1,"featured_media":0,"parent":0,"menu_order":0,"comment_status":"closed","ping_status":"closed","template":"","meta":{"footnotes":""},"yoast_head":"<!-- This site is optimized with the Yoast SEO plugin v18.0 - https:\/\/yoast.com\/wordpress\/plugins\/seo\/ -->\n<title>Avals - IVF<\/title>\n<meta name=\"robots\" content=\"noindex, follow, max-snippet:-1, max-image-preview:large, max-video-preview:-1\" \/>\n<meta property=\"og:locale\" content=\"en_US\" \/>\n<meta property=\"og:type\" content=\"article\" \/>\n<meta property=\"og:title\" content=\"Avals - IVF\" \/>\n<meta property=\"og:description\" content=\"Avals T\u2019ajudem a trobar finan\u00e7ament per al teu projecte. Una soluci\u00f3 que haur\u00e0s de tindre en compte, no frenes els teus projectes. AFIN-SGR: La SGR&hellip;\" \/>\n<meta property=\"og:url\" content=\"https:\/\/prestamosivf.premm.es\/va\/avals\" \/>\n<meta property=\"og:site_name\" content=\"IVF\" \/>\n<meta property=\"article:modified_time\" content=\"2023-07-19T10:02:55+00:00\" \/>\n<meta property=\"og:image\" content=\"https:\/\/prestamosivf.premm.es\/wp-content\/uploads\/2023\/07\/sgr_logo.png\" \/>\n<meta name=\"twitter:card\" content=\"summary_large_image\" \/>\n<meta name=\"twitter:label1\" content=\"Est. reading time\" \/>\n\t<meta name=\"twitter:data1\" content=\"1 minute\" \/>\n<script type=\"application\/ld+json\" class=\"yoast-schema-graph\">{\"@context\":\"https:\/\/schema.org\",\"@graph\":[{\"@type\":\"WebSite\",\"@id\":\"https:\/\/prestamosivf.premm.es\/va#website\",\"url\":\"https:\/\/prestamosivf.premm.es\/va\",\"name\":\"IVF\",\"description\":\"IVF, Nuestro \u00fanico inter\u00e9s eres t\u00fa\",\"potentialAction\":[{\"@type\":\"SearchAction\",\"target\":{\"@type\":\"EntryPoint\",\"urlTemplate\":\"https:\/\/prestamosivf.premm.es\/va?s={search_term_string}\"},\"query-input\":\"required name=search_term_string\"}],\"inLanguage\":\"va-ES\"},{\"@type\":\"ImageObject\",\"@id\":\"https:\/\/prestamosivf.premm.es\/va\/avals#primaryimage\",\"inLanguage\":\"va-ES\",\"url\":\"https:\/\/prestamosivf.premm.es\/wp-content\/uploads\/2023\/07\/sgr_logo.png\",\"contentUrl\":\"https:\/\/prestamosivf.premm.es\/wp-content\/uploads\/2023\/07\/sgr_logo.png\",\"width\":400,\"height\":212},{\"@type\":\"WebPage\",\"@id\":\"https:\/\/prestamosivf.premm.es\/va\/avals#webpage\",\"url\":\"https:\/\/prestamosivf.premm.es\/va\/avals\",\"name\":\"Avals - IVF\",\"isPartOf\":{\"@id\":\"https:\/\/prestamosivf.premm.es\/va#website\"},\"primaryImageOfPage\":{\"@id\":\"https:\/\/prestamosivf.premm.es\/va\/avals#primaryimage\"},\"datePublished\":\"2023-03-22T10:47:13+00:00\",\"dateModified\":\"2023-07-19T10:02:55+00:00\",\"breadcrumb\":{\"@id\":\"https:\/\/prestamosivf.premm.es\/va\/avals#breadcrumb\"},\"inLanguage\":\"va-ES\",\"potentialAction\":[{\"@type\":\"ReadAction\",\"target\":[\"https:\/\/prestamosivf.premm.es\/va\/avals\"]}]},{\"@type\":\"BreadcrumbList\",\"@id\":\"https:\/\/prestamosivf.premm.es\/va\/avals#breadcrumb\",\"itemListElement\":[{\"@type\":\"ListItem\",\"position\":1,\"name\":\"Portada\",\"item\":\"https:\/\/prestamosivf.premm.es\/va\"},{\"@type\":\"ListItem\",\"position\":2,\"name\":\"Avals\"}]}]}<\/script>\n<!-- \/ Yoast SEO plugin. -->","yoast_head_json":{"title":"Avals - IVF","robots":{"index":"noindex","follow":"follow","max-snippet":"max-snippet:-1","max-image-preview":"max-image-preview:large","max-video-preview":"max-video-preview:-1"},"og_locale":"en_US","og_type":"article","og_title":"Avals - IVF","og_description":"Avals T\u2019ajudem a trobar finan\u00e7ament per al teu projecte. Una soluci\u00f3 que haur\u00e0s de tindre en compte, no frenes els teus projectes. AFIN-SGR: La SGR&hellip;","og_url":"https:\/\/prestamosivf.premm.es\/va\/avals","og_site_name":"IVF","article_modified_time":"2023-07-19T10:02:55+00:00","og_image":[{"url":"https:\/\/prestamosivf.premm.es\/wp-content\/uploads\/2023\/07\/sgr_logo.png"}],"twitter_card":"summary_large_image","twitter_misc":{"Est. reading time":"1 minute"},"schema":{"@context":"https:\/\/schema.org","@graph":[{"@type":"WebSite","@id":"https:\/\/prestamosivf.premm.es\/va#website","url":"https:\/\/prestamosivf.premm.es\/va","name":"IVF","description":"IVF, Nuestro \u00fanico inter\u00e9s eres t\u00fa","potentialAction":[{"@type":"SearchAction","target":{"@type":"EntryPoint","urlTemplate":"https:\/\/prestamosivf.premm.es\/va?s={search_term_string}"},"query-input":"required name=search_term_string"}],"inLanguage":"va-ES"},{"@type":"ImageObject","@id":"https:\/\/prestamosivf.premm.es\/va\/avals#primaryimage","inLanguage":"va-ES","url":"https:\/\/prestamosivf.premm.es\/wp-content\/uploads\/2023\/07\/sgr_logo.png","contentUrl":"https:\/\/prestamosivf.premm.es\/wp-content\/uploads\/2023\/07\/sgr_logo.png","width":400,"height":212},{"@type":"WebPage","@id":"https:\/\/prestamosivf.premm.es\/va\/avals#webpage","url":"https:\/\/prestamosivf.premm.es\/va\/avals","name":"Avals - IVF","isPartOf":{"@id":"https:\/\/prestamosivf.premm.es\/va#website"},"primaryImageOfPage":{"@id":"https:\/\/prestamosivf.premm.es\/va\/avals#primaryimage"},"datePublished":"2023-03-22T10:47:13+00:00","dateModified":"2023-07-19T10:02:55+00:00","breadcrumb":{"@id":"https:\/\/prestamosivf.premm.es\/va\/avals#breadcrumb"},"inLanguage":"va-ES","potentialAction":[{"@type":"ReadAction","target":["https:\/\/prestamosivf.premm.es\/va\/avals"]}]},{"@type":"BreadcrumbList","@id":"https:\/\/prestamosivf.premm.es\/va\/avals#breadcrumb","itemListElement":[{"@type":"ListItem","position":1,"name":"Portada","item":"https:\/\/prestamosivf.premm.es\/va"},{"@type":"ListItem","position":2,"name":"Avals"}]}]}},"_links":{"self":[{"href":"https:\/\/prestamosivf.premm.es\/va\/wp-json\/wp\/v2\/pages\/838"}],"collection":[{"href":"https:\/\/prestamosivf.premm.es\/va\/wp-json\/wp\/v2\/pages"}],"about":[{"href":"https:\/\/prestamosivf.premm.es\/va\/wp-json\/wp\/v2\/types\/page"}],"author":[{"embeddable":true,"href":"https:\/\/prestamosivf.premm.es\/va\/wp-json\/wp\/v2\/users\/1"}],"replies":[{"embeddable":true,"href":"https:\/\/prestamosivf.premm.es\/va\/wp-json\/wp\/v2\/comments?post=838"}],"version-history":[{"count":18,"href":"https:\/\/prestamosivf.premm.es\/va\/wp-json\/wp\/v2\/pages\/838\/revisions"}],"predecessor-version":[{"id":2541,"href":"https:\/\/prestamosivf.premm.es\/va\/wp-json\/wp\/v2\/pages\/838\/revisions\/2541"}],"wp:attachment":[{"href":"https:\/\/prestamosivf.premm.es\/va\/wp-json\/wp\/v2\/media?parent=838"}],"curies":[{"name":"wp","href":"https:\/\/api.w.org\/{rel}","templated":true}]}}